{"id":699,"date":"2023-10-10T22:16:22","date_gmt":"2023-10-11T02:16:22","guid":{"rendered":"https:\/\/www.move2dubai.biz\/?page_id=699"},"modified":"2024-03-06T15:10:28","modified_gmt":"2024-03-06T20:10:28","slug":"politique-de-confidentialite","status":"publish","type":"page","link":"https:\/\/www.cpgc-boisbriand.ca\/en\/politique-de-confidentialite\/","title":{"rendered":"POLITIQUE DE CONFIDENTIALIT\u00c9"},"content":{"rendered":"<div data-elementor-type=\"wp-page\" data-elementor-id=\"699\" class=\"elementor elementor-699\">\n\t\t\t\t<div class=\"elementor-element elementor-element-ba048ed e-flex e-con-boxed e-con e-parent\" data-id=\"ba048ed\" data-element_type=\"container\">\n\t\t\t\t\t<div class=\"e-con-inner\">\n\t\t\t\t<div class=\"elementor-element elementor-element-c6846e9 elementor-widget elementor-widget-text-editor\" data-id=\"c6846e9\" data-element_type=\"widget\" data-widget_type=\"text-editor.default\">\n\t\t\t\t<div class=\"elementor-widget-container\">\n\t\t\t<style>\/*! elementor - v3.23.0 - 05-08-2024 *\/\n.elementor-widget-text-editor.elementor-drop-cap-view-stacked .elementor-drop-cap{background-color:#69727d;color:#fff}.elementor-widget-text-editor.elementor-drop-cap-view-framed .elementor-drop-cap{color:#69727d;border:3px solid;background-color:transparent}.elementor-widget-text-editor:not(.elementor-drop-cap-view-default) .elementor-drop-cap{margin-top:8px}.elementor-widget-text-editor:not(.elementor-drop-cap-view-default) .elementor-drop-cap-letter{width:1em;height:1em}.elementor-widget-text-editor .elementor-drop-cap{float:left;text-align:center;line-height:1;font-size:50px}.elementor-widget-text-editor .elementor-drop-cap-letter{display:inline-block}<\/style>\t\t\t\t<h2>Politique de confidentialit\u00e9<\/h2><div id=\"wb_page56Text1\"><span id=\"wb_uid10\"><strong>Introduction<\/strong><br \/><\/span><\/div><div><span id=\"wb_uid10\">Devant le d\u00e9veloppement des nouveaux outils de communication, il est n\u00e9cessaire de porter une attention particuli\u00e8re \u00e0 la protection de la vie priv\u00e9e. C&rsquo;est pourquoi, nous nous engageons \u00e0 respecter la confidentialit\u00e9 des renseignements personnels que nous collectons.<\/span><\/div><div>\u00a0<\/div><div><strong>Collecte des renseignements personnels<\/strong><\/div><div>Nous collectons les renseignements suivants\u00a0:<\/div><div>Nom<br \/>Pr\u00e9nom<br \/>Adresse postale<br \/>Code postal<br \/>Adresse \u00e9lectronique<br \/>Num\u00e9ro de t\u00e9l\u00e9phone<\/div><div>\u00a0<\/div><div>Les renseignements personnels que nous collectons sont recueillis au travers de formulaires et gr\u00e2ce \u00e0 l&rsquo;interactivit\u00e9 \u00e9tablie entre vous et notre site Web. Nous utilisons \u00e9galement, comme indiqu\u00e9 dans la section suivante, des fichiers t\u00e9moins et\/ou journaux pour r\u00e9unir des informations vous concernant.<\/div><div><br \/>Formulaires\u00a0 et interactivit\u00e9:Vos renseignements personnels sont collect\u00e9s par le biais de formulaire, \u00e0 savoir\u00a0:<\/div><div>Formulaire d&rsquo;inscription au site Web<\/div><div>\u00a0<\/div><div>Nous utilisons les renseignements ainsi collect\u00e9s pour les finalit\u00e9s suivantes\u00a0:<\/div><div>Contact<\/div><div>\u00a0<\/div><div>Vos renseignements sont \u00e9galement collect\u00e9s par le biais de l&rsquo;interactivit\u00e9 pouvant s&rsquo;\u00e9tablir entre vous et notre site Web et ce, de la fa\u00e7on suivante:<\/div><div><p>Contact<\/p><p>Nous utilisons les renseignements ainsi collect\u00e9s pour les finalit\u00e9s suivantes\u00a0:<\/p><p>Fichiers journaux et t\u00e9moins<\/p><p>Nous recueillons certaines informations par le biais de fichiers journaux (log file) et de fichiers t\u00e9moins (cookies). Il s&rsquo;agit principalement des informations suivantes\u00a0:<\/p><p>Adresse IP<\/p><p>Le recours \u00e0 de tels fichiers nous permet\u00a0:<\/p><p><strong>Droit d&rsquo;opposition et de retrait<\/strong><\/p><p>Nous nous engageons \u00e0 vous offrir un droit d&rsquo;opposition et de retrait quant \u00e0 vos renseignements personnels.<\/p><\/div><div>Le droit d&rsquo;opposition s&rsquo;entend comme \u00e9tant la possibilit\u00e9 offerte aux internautes de refuser que leurs renseignements personnels soient utilis\u00e9es \u00e0 certaines fins mentionn\u00e9es lors de la collecte.Le droit de retrait s&rsquo;entend comme \u00e9tant la possibilit\u00e9 offerte aux internautes de demander \u00e0 ce que leurs renseignements personnels ne figurent plus, par exemple, dans une liste de diffusion.<\/div><div>\u00a0<\/div><div>\u00a0<\/div><div><strong>Pour pouvoir exercer ces droits, vous pouvez\u00a0:<\/strong><\/div><div>Code postal :<div><div><div class=\"vk_sh vk_bk\"><div class=\"aiAXrc\">206 Chemin de la Grande-C\u00f4te, <span class=\"fMYBhe\">Boisbriand (QC) J7G 1B5 <\/span><span id=\"wb_uid10\">Canada<\/span><\/div><\/div><\/div><\/div><span id=\"wb_uid10\">Courriel\u00a0: <a href=\"mailto:soniaboutet@outlook.fr\">soniaboutet@outlook.fr<\/a><br \/>T\u00e9l\u00e9phone\u00a0: <a href=\"tel: 15142353342\">(514) 235-3342<\/a><br \/>Section du site web : cpgc-boisbriand.ca<\/span><\/div><div>\u00a0<\/div><div><p><span id=\"wb_uid10\"><strong>Droit d&rsquo;acc\u00e8s<\/strong><\/span><\/p><p>Nous nous engageons \u00e0 reconna\u00eetre un droit d&rsquo;acc\u00e8s et de rectification aux personnes concern\u00e9es d\u00e9sireuses de consulter, modifier, voire radier les informations les concernant.<\/p><\/div><div>L&rsquo;exercice de ce droit se fera\u00a0:<br \/>Code postal :<div><div><div class=\"vk_sh vk_bk\"><div class=\"aiAXrc\">206 Chemin de la Grande-C\u00f4te, <span class=\"fMYBhe\">Boisbriand (QC) J7G 1B5 <\/span><span id=\"wb_uid10\">Canada<\/span><\/div><\/div><\/div><\/div><span id=\"wb_uid10\">Courriel\u00a0: <a href=\"mailto:soniaboutet@outlook.fr\">soniaboutet@outlook.fr<\/a><br \/>T\u00e9l\u00e9phone\u00a0: <a href=\"tel: 15142353342\">(514) 235-3342<\/a><br \/>Section du site web : cpgc-boisbriand.ca<br \/><\/span><\/div><div>\u00a0<\/div><div><p><span id=\"wb_uid10\"><strong>S\u00e9curit\u00e9<\/strong><\/span><\/p><p>Les renseignements personnels que nous collectons sont conserv\u00e9s dans un environnement s\u00e9curis\u00e9. Les personnes travaillant pour nous sont tenues de respecter la confidentialit\u00e9 de vos informations.<\/p><\/div><div>Pour assurer la s\u00e9curit\u00e9 de vos renseignements personnels, nous avons recours aux mesures suivantes\u00a0:<\/div><div>Gestion des acc\u00e8s &#8211; personne autoris\u00e9e<br \/>D\u00e9veloppement de certificat num\u00e9rique<br \/>Identifiant \/ mot de passe<\/div><div>\u00a0<\/div><div>Nous nous engageons \u00e0 maintenir un haut degr\u00e9 de confidentialit\u00e9 en int\u00e9grant les derni\u00e8res innovations technologiques permettant d&rsquo;assurer la confidentialit\u00e9 de vos transactions. Toutefois, comme aucun m\u00e9canisme n&rsquo;offre une s\u00e9curit\u00e9 maximale, une part de risque est toujours pr\u00e9sente lorsque l&rsquo;on utilise Internet pour transmettre des renseignements personnels.<\/div><div>\u00a0<\/div><div><strong>Label<\/strong><\/div><div><p>Nos engagements en mati\u00e8re de protection des renseignements personnels r\u00e9pondent aux exigences du programme suivant\u00a0:https:\/\/www.comodo.com<\/p><p><strong>L\u00e9gislation<\/strong><\/p><p>Nous nous engageons \u00e0 respecter les dispositions l\u00e9gislatives \u00e9nonc\u00e9es dans\u00a0:<br \/>Canada<\/p><\/div><p>\u00a0<\/p>\t\t\t\t\t\t<\/div>\n\t\t\t\t<\/div>\n\t\t\t\t\t<\/div>\n\t\t\t\t<\/div>\n\t\t\t\t<\/div>","protected":false},"excerpt":{"rendered":"<p>Politique de confidentialit\u00e9 Introduction Devant le d\u00e9veloppement des nouveaux outils de communication, il est n\u00e9cessaire de porter une attention particuli\u00e8re \u00e0 la protection de la vie<span class=\"excerpt-hellip\"> [\u2026]<\/span><\/p>","protected":false},"author":1,"featured_media":0,"parent":0,"menu_order":0,"comment_status":"open","ping_status":"closed","template":"","meta":{"footnotes":""},"class_list":["post-699","page","type-page","status-publish","hentry"],"_links":{"self":[{"href":"https:\/\/www.cpgc-boisbriand.ca\/en\/wp-json\/wp\/v2\/pages\/699","targetHints":{"allow":["GET"]}}],"collection":[{"href":"https:\/\/www.cpgc-boisbriand.ca\/en\/wp-json\/wp\/v2\/pages"}],"about":[{"href":"https:\/\/www.cpgc-boisbriand.ca\/en\/wp-json\/wp\/v2\/types\/page"}],"author":[{"embeddable":true,"href":"https:\/\/www.cpgc-boisbriand.ca\/en\/wp-json\/wp\/v2\/users\/1"}],"replies":[{"embeddable":true,"href":"https:\/\/www.cpgc-boisbriand.ca\/en\/wp-json\/wp\/v2\/comments?post=699"}],"version-history":[{"count":12,"href":"https:\/\/www.cpgc-boisbriand.ca\/en\/wp-json\/wp\/v2\/pages\/699\/revisions"}],"predecessor-version":[{"id":1262,"href":"https:\/\/www.cpgc-boisbriand.ca\/en\/wp-json\/wp\/v2\/pages\/699\/revisions\/1262"}],"wp:attachment":[{"href":"https:\/\/www.cpgc-boisbriand.ca\/en\/wp-json\/wp\/v2\/media?parent=699"}],"curies":[{"name":"wp","href":"https:\/\/api.w.org\/{rel}","templated":true}]}}