{"id":82,"date":"2020-10-07T09:40:47","date_gmt":"2020-10-07T13:40:47","guid":{"rendered":"https:\/\/themes.muffingroup.com\/be\/media2\/?page_id=2"},"modified":"2024-02-17T19:06:23","modified_gmt":"2024-02-18T00:06:23","slug":"accueil","status":"publish","type":"page","link":"https:\/\/www.cpgc-boisbriand.ca\/en\/","title":{"rendered":"HOME"},"content":{"rendered":"<div data-elementor-type=\"wp-page\" data-elementor-id=\"82\" class=\"elementor elementor-82\">\n\t\t\t\t\t\t<section class=\"elementor-section elementor-top-section elementor-element elementor-element-37bdd93 elementor-section-content-bottom elementor-section-stretched elementor-section-boxed elementor-section-height-default elementor-section-height-default\" data-id=\"37bdd93\" data-element_type=\"section\" id=\"apropos\" data-settings=\"{&quot;stretch_section&quot;:&quot;section-stretched&quot;}\">\n\t\t\t\t\t\t<div class=\"elementor-container elementor-column-gap-wider\">\n\t\t\t\t\t<div class=\"elementor-column elementor-col-50 elementor-top-column elementor-element elementor-element-d43dc31\" data-id=\"d43dc31\" data-element_type=\"column\">\n\t\t\t<div class=\"elementor-widget-wrap elementor-element-populated\">\n\t\t\t\t\t\t<div class=\"elementor-element elementor-element-0d5f6cc elementor-invisible elementor-widget elementor-widget-text-editor\" data-id=\"0d5f6cc\" data-element_type=\"widget\" data-settings=\"{&quot;_animation&quot;:&quot;fadeInDown&quot;}\" data-widget_type=\"text-editor.default\">\n\t\t\t\t<div class=\"elementor-widget-container\">\n\t\t\t<style>\/*! elementor - v3.23.0 - 05-08-2024 *\/\n.elementor-widget-text-editor.elementor-drop-cap-view-stacked .elementor-drop-cap{background-color:#69727d;color:#fff}.elementor-widget-text-editor.elementor-drop-cap-view-framed .elementor-drop-cap{color:#69727d;border:3px solid;background-color:transparent}.elementor-widget-text-editor:not(.elementor-drop-cap-view-default) .elementor-drop-cap{margin-top:8px}.elementor-widget-text-editor:not(.elementor-drop-cap-view-default) .elementor-drop-cap-letter{width:1em;height:1em}.elementor-widget-text-editor .elementor-drop-cap{float:left;text-align:center;line-height:1;font-size:50px}.elementor-widget-text-editor .elementor-drop-cap-letter{display:inline-block}<\/style>\t\t\t\t<h3>Bienvenue au Centre Professionnel de la Grande C\u00f4te de Boisbriand<\/h3>\t\t\t\t\t\t<\/div>\n\t\t\t\t<\/div>\n\t\t\t\t<div class=\"elementor-element elementor-element-659c687 elementor-invisible elementor-widget elementor-widget-text-editor\" data-id=\"659c687\" data-element_type=\"widget\" data-settings=\"{&quot;_animation&quot;:&quot;fadeInLeft&quot;}\" data-widget_type=\"text-editor.default\">\n\t\t\t\t<div class=\"elementor-widget-container\">\n\t\t\t\t\t\t\t<h4 class=\"description h2-accueil\"><span class=\"x193iq5w xeuugli x13faqbe x1vvkbs xlh3980 xvmahel x1n0sxbx x1lliihq x1s928wv xhkezso x1gmr53x x1cpjm7i x1fgarty x1943h6x xudqn12 x3x7a5m x6prxxf xvq8zen xo1l8bm xzsf02u\" dir=\"auto\">Centre professionnel bien \u00e9tablit dans la r\u00e9gion des basses Laurentides.<br \/><\/span><\/h4>\t\t\t\t\t\t<\/div>\n\t\t\t\t<\/div>\n\t\t\t\t<div class=\"elementor-element elementor-element-f6f9263 elementor-invisible elementor-widget elementor-widget-text-editor\" data-id=\"f6f9263\" data-element_type=\"widget\" data-settings=\"{&quot;_animation&quot;:&quot;fadeInLeft&quot;}\" data-widget_type=\"text-editor.default\">\n\t\t\t\t<div class=\"elementor-widget-container\">\n\t\t\t\t\t\t\t<p>Nous avons principalement des professionnels qui travaillent dans le domaine de la sant\u00e9.<\/p><p>Notre emplacement est id\u00e9al \u00e9tant facile d\u2019acc\u00e8s par l\u2019autoroute 15 ( b\u00e2tisse \u00e0 une minute de la sortie 19 ), par l\u2019autoroute 13 et la 640.<\/p><p>Le nombres de places de stationnement est suffisant pour r\u00e9pondre \u00e0 l\u2019ensemble de notre client\u00e8le.<\/p><p>\u00c0 l\u2019entr\u00e9e nous avons un \u00e9cran de pr\u00e9sentation des professionnels avec leur localisation dans la b\u00e2tisse.<\/p><p>Le Centre a \u00e9t\u00e9 renov\u00e9 et d\u00e9cor\u00e9 r\u00e9cemment.<\/p><p>Nous avons une \u00e9quipe de professionnelles dynamiques.<\/p><p><span class=\"HwtZe\" lang=\"en\">\u00a0<\/span><\/p>\t\t\t\t\t\t<\/div>\n\t\t\t\t<\/div>\n\t\t\t\t\t<\/div>\n\t\t<\/div>\n\t\t\t\t<div class=\"elementor-column elementor-col-50 elementor-top-column elementor-element elementor-element-8d486ed\" data-id=\"8d486ed\" data-element_type=\"column\">\n\t\t\t<div class=\"elementor-widget-wrap elementor-element-populated\">\n\t\t\t\t\t\t<div class=\"elementor-element elementor-element-f454adf elementor-invisible elementor-widget elementor-widget-image\" data-id=\"f454adf\" data-element_type=\"widget\" data-settings=\"{&quot;_animation&quot;:&quot;fadeInDown&quot;}\" data-widget_type=\"image.default\">\n\t\t\t\t<div class=\"elementor-widget-container\">\n\t\t\t<style>\/*! elementor - v3.23.0 - 05-08-2024 *\/\n.elementor-widget-image{text-align:center}.elementor-widget-image a{display:inline-block}.elementor-widget-image a img[src$=\".svg\"]{width:48px}.elementor-widget-image img{vertical-align:middle;display:inline-block}<\/style>\t\t\t\t\t\t\t\t\t\t<img fetchpriority=\"high\" decoding=\"async\" width=\"901\" height=\"1200\" src=\"https:\/\/www.cpgc-boisbriand.ca\/wp-content\/uploads\/2024\/01\/1-4-901x1200.jpg\" class=\"attachment-large size-large wp-image-1095\" alt=\"\" srcset=\"https:\/\/www.cpgc-boisbriand.ca\/wp-content\/uploads\/2024\/01\/1-4-901x1200.jpg 901w, https:\/\/www.cpgc-boisbriand.ca\/wp-content\/uploads\/2024\/01\/1-4-375x500.jpg 375w, https:\/\/www.cpgc-boisbriand.ca\/wp-content\/uploads\/2024\/01\/1-4-225x300.jpg 225w, https:\/\/www.cpgc-boisbriand.ca\/wp-content\/uploads\/2024\/01\/1-4-768x1023.jpg 768w, https:\/\/www.cpgc-boisbriand.ca\/wp-content\/uploads\/2024\/01\/1-4-9x12.jpg 9w, https:\/\/www.cpgc-boisbriand.ca\/wp-content\/uploads\/2024\/01\/1-4-56x75.jpg 56w, https:\/\/www.cpgc-boisbriand.ca\/wp-content\/uploads\/2024\/01\/1-4-480x639.jpg 480w, https:\/\/www.cpgc-boisbriand.ca\/wp-content\/uploads\/2024\/01\/1-4.jpg 1126w\" sizes=\"(max-width:767px) 480px, (max-width:901px) 100vw, 901px\" \/>\t\t\t\t\t\t\t\t\t\t\t\t\t<\/div>\n\t\t\t\t<\/div>\n\t\t\t\t\t<\/div>\n\t\t<\/div>\n\t\t\t\t\t<\/div>\n\t\t<\/section>\n\t\t\t\t<section class=\"elementor-section elementor-top-section elementor-element elementor-element-770e1b2 elementor-section-stretched elementor-section-full_width elementor-section-height-default elementor-section-height-default\" data-id=\"770e1b2\" data-element_type=\"section\" data-settings=\"{&quot;stretch_section&quot;:&quot;section-stretched&quot;,&quot;background_background&quot;:&quot;classic&quot;}\">\n\t\t\t\t\t\t<div class=\"elementor-container elementor-column-gap-no\">\n\t\t\t\t\t<div class=\"elementor-column elementor-col-100 elementor-top-column elementor-element elementor-element-ceaf3f2\" data-id=\"ceaf3f2\" data-element_type=\"column\">\n\t\t\t<div class=\"elementor-widget-wrap elementor-element-populated\">\n\t\t\t\t\t\t<div class=\"elementor-element elementor-element-f41c950 elementor-invisible elementor-widget elementor-widget-image\" data-id=\"f41c950\" data-element_type=\"widget\" data-settings=\"{&quot;_animation&quot;:&quot;fadeInUp&quot;}\" data-widget_type=\"image.default\">\n\t\t\t\t<div class=\"elementor-widget-container\">\n\t\t\t\t\t\t\t\t\t\t\t\t\t<img decoding=\"async\" width=\"2000\" height=\"958\" src=\"https:\/\/www.cpgc-boisbriand.ca\/wp-content\/uploads\/2024\/01\/166314539_2917415445193050_985851560624227868_n.jpg\" class=\"attachment-full size-full wp-image-1025\" alt=\"\" srcset=\"https:\/\/www.cpgc-boisbriand.ca\/wp-content\/uploads\/2024\/01\/166314539_2917415445193050_985851560624227868_n.jpg 2000w, https:\/\/www.cpgc-boisbriand.ca\/wp-content\/uploads\/2024\/01\/166314539_2917415445193050_985851560624227868_n-500x240.jpg 500w, https:\/\/www.cpgc-boisbriand.ca\/wp-content\/uploads\/2024\/01\/166314539_2917415445193050_985851560624227868_n-1200x575.jpg 1200w, https:\/\/www.cpgc-boisbriand.ca\/wp-content\/uploads\/2024\/01\/166314539_2917415445193050_985851560624227868_n-300x144.jpg 300w, https:\/\/www.cpgc-boisbriand.ca\/wp-content\/uploads\/2024\/01\/166314539_2917415445193050_985851560624227868_n-768x368.jpg 768w, https:\/\/www.cpgc-boisbriand.ca\/wp-content\/uploads\/2024\/01\/166314539_2917415445193050_985851560624227868_n-1536x736.jpg 1536w, https:\/\/www.cpgc-boisbriand.ca\/wp-content\/uploads\/2024\/01\/166314539_2917415445193050_985851560624227868_n-18x9.jpg 18w, https:\/\/www.cpgc-boisbriand.ca\/wp-content\/uploads\/2024\/01\/166314539_2917415445193050_985851560624227868_n-150x72.jpg 150w, https:\/\/www.cpgc-boisbriand.ca\/wp-content\/uploads\/2024\/01\/166314539_2917415445193050_985851560624227868_n-480x230.jpg 480w\" sizes=\"(max-width:767px) 480px, (max-width:2000px) 100vw, 2000px\" \/>\t\t\t\t\t\t\t\t\t\t\t\t\t<\/div>\n\t\t\t\t<\/div>\n\t\t\t\t\t<\/div>\n\t\t<\/div>\n\t\t\t\t\t<\/div>\n\t\t<\/section>\n\t\t\t\t<section class=\"elementor-section elementor-top-section elementor-element elementor-element-b74df3f elementor-section-boxed elementor-section-height-default elementor-section-height-default\" data-id=\"b74df3f\" data-element_type=\"section\">\n\t\t\t\t\t\t<div class=\"elementor-container elementor-column-gap-wider\">\n\t\t\t\t\t<div class=\"elementor-column elementor-col-50 elementor-top-column elementor-element elementor-element-504d083\" data-id=\"504d083\" data-element_type=\"column\">\n\t\t\t<div class=\"elementor-widget-wrap elementor-element-populated\">\n\t\t\t\t\t\t<div class=\"elementor-element elementor-element-ef3a473 elementor-invisible elementor-widget elementor-widget-text-editor\" data-id=\"ef3a473\" data-element_type=\"widget\" data-settings=\"{&quot;_animation&quot;:&quot;fadeInLeft&quot;}\" data-widget_type=\"text-editor.default\">\n\t\t\t\t<div class=\"elementor-widget-container\">\n\t\t\t\t\t\t\t<h3>Les avantages de nos prestations<\/h3>\t\t\t\t\t\t<\/div>\n\t\t\t\t<\/div>\n\t\t\t\t\t<\/div>\n\t\t<\/div>\n\t\t\t\t<div class=\"elementor-column elementor-col-50 elementor-top-column elementor-element elementor-element-f0dcd07\" data-id=\"f0dcd07\" data-element_type=\"column\">\n\t\t\t<div class=\"elementor-widget-wrap elementor-element-populated\">\n\t\t\t\t\t\t<div class=\"elementor-element elementor-element-722b66d elementor-invisible elementor-widget elementor-widget-text-editor\" data-id=\"722b66d\" data-element_type=\"widget\" data-settings=\"{&quot;_animation&quot;:&quot;fadeInRight&quot;}\" data-widget_type=\"text-editor.default\">\n\t\t\t\t<div class=\"elementor-widget-container\">\n\t\t\t\t\t\t\t<h4><span class=\"HwtZe\" lang=\"en\"><span class=\"jCAhz ChMk0b\"><span class=\"ryNqvb\">B\u00e9n\u00e9ficiez de tr\u00e8s nombreux avantages en louant un local chez nous.<br \/><\/span><\/span><\/span><\/h4>\t\t\t\t\t\t<\/div>\n\t\t\t\t<\/div>\n\t\t\t\t\t<\/div>\n\t\t<\/div>\n\t\t\t\t\t<\/div>\n\t\t<\/section>\n\t\t<div class=\"elementor-element elementor-element-6199b6d e-flex e-con-boxed e-con e-parent\" data-id=\"6199b6d\" data-element_type=\"container\">\n\t\t\t\t\t<div class=\"e-con-inner\">\n\t\t<div class=\"elementor-element elementor-element-7eb5198 e-con-full e-flex e-con e-child\" data-id=\"7eb5198\" data-element_type=\"container\">\n\t\t\t\t<div class=\"elementor-element elementor-element-0fae671 elementor-invisible elementor-widget elementor-widget-text-editor\" data-id=\"0fae671\" data-element_type=\"widget\" data-settings=\"{&quot;_animation&quot;:&quot;fadeInLeft&quot;}\" data-widget_type=\"text-editor.default\">\n\t\t\t\t<div class=\"elementor-widget-container\">\n\t\t\t\t\t\t\t<ul><li><strong>Emplacement id\u00e9al<\/strong><\/li><li><strong>Grand stationnement<\/strong><\/li><li><strong>Bureaux de diff\u00e9rentes grandeurs<\/strong><\/li><li><strong>Les fen\u00eatres s&rsquo;ouvrent<\/strong><\/li><li><strong>Locaux insonoris\u00e9s<\/strong><\/li><li><strong>Locaux ensoleill\u00e9s et chaleureux<\/strong><\/li><li><strong>Salle d&rsquo;attente<\/strong><\/li><li><strong>Salle d&rsquo;eau \u00e0 l&rsquo;\u00e9tage<\/strong><\/li><li><strong>Internet inclus<\/strong><\/li><li><strong>\u00c9lectricit\u00e9 inclus<\/strong><\/li><li><strong>Air climatis\u00e9<\/strong><\/li><li><strong>Syst\u00e8me d&rsquo;alarme<\/strong><\/li><li><strong>D\u00e9neigement<\/strong><\/li><\/ul>\t\t\t\t\t\t<\/div>\n\t\t\t\t<\/div>\n\t\t\t\t<\/div>\n\t\t<div class=\"elementor-element elementor-element-ae4f8d8 e-con-full e-flex e-con e-child\" data-id=\"ae4f8d8\" data-element_type=\"container\">\n\t\t\t\t<div class=\"elementor-element elementor-element-976bf3e elementor-invisible elementor-widget elementor-widget-image\" data-id=\"976bf3e\" data-element_type=\"widget\" data-settings=\"{&quot;_animation&quot;:&quot;fadeInDown&quot;}\" data-widget_type=\"image.default\">\n\t\t\t\t<div class=\"elementor-widget-container\">\n\t\t\t\t\t\t\t\t\t\t\t\t\t<img decoding=\"async\" width=\"1200\" height=\"901\" src=\"https:\/\/www.cpgc-boisbriand.ca\/wp-content\/uploads\/2024\/01\/166651210_2917415501859711_5766921349293204346_n-1200x901.jpg\" class=\"attachment-large size-large wp-image-1026\" alt=\"\" srcset=\"https:\/\/www.cpgc-boisbriand.ca\/wp-content\/uploads\/2024\/01\/166651210_2917415501859711_5766921349293204346_n-1200x901.jpg 1200w, https:\/\/www.cpgc-boisbriand.ca\/wp-content\/uploads\/2024\/01\/166651210_2917415501859711_5766921349293204346_n-500x375.jpg 500w, https:\/\/www.cpgc-boisbriand.ca\/wp-content\/uploads\/2024\/01\/166651210_2917415501859711_5766921349293204346_n-300x225.jpg 300w, https:\/\/www.cpgc-boisbriand.ca\/wp-content\/uploads\/2024\/01\/166651210_2917415501859711_5766921349293204346_n-768x577.jpg 768w, https:\/\/www.cpgc-boisbriand.ca\/wp-content\/uploads\/2024\/01\/166651210_2917415501859711_5766921349293204346_n-16x12.jpg 16w, https:\/\/www.cpgc-boisbriand.ca\/wp-content\/uploads\/2024\/01\/166651210_2917415501859711_5766921349293204346_n-100x75.jpg 100w, https:\/\/www.cpgc-boisbriand.ca\/wp-content\/uploads\/2024\/01\/166651210_2917415501859711_5766921349293204346_n-960x720.jpg 960w, https:\/\/www.cpgc-boisbriand.ca\/wp-content\/uploads\/2024\/01\/166651210_2917415501859711_5766921349293204346_n-480x360.jpg 480w, https:\/\/www.cpgc-boisbriand.ca\/wp-content\/uploads\/2024\/01\/166651210_2917415501859711_5766921349293204346_n.jpg 1500w\" sizes=\"(max-width:767px) 480px, (max-width:1200px) 100vw, 1200px\" \/>\t\t\t\t\t\t\t\t\t\t\t\t\t<\/div>\n\t\t\t\t<\/div>\n\t\t\t\t<div class=\"elementor-element elementor-element-60d72bd elementor-invisible elementor-widget elementor-widget-image\" data-id=\"60d72bd\" data-element_type=\"widget\" data-settings=\"{&quot;_animation&quot;:&quot;fadeInRight&quot;}\" data-widget_type=\"image.default\">\n\t\t\t\t<div class=\"elementor-widget-container\">\n\t\t\t\t\t\t\t\t\t\t\t\t\t<img loading=\"lazy\" decoding=\"async\" width=\"1200\" height=\"900\" src=\"https:\/\/www.cpgc-boisbriand.ca\/wp-content\/uploads\/2024\/01\/1-1-1-1200x900.jpg\" class=\"attachment-large size-large wp-image-1092\" alt=\"\" srcset=\"https:\/\/www.cpgc-boisbriand.ca\/wp-content\/uploads\/2024\/01\/1-1-1-1200x900.jpg 1200w, https:\/\/www.cpgc-boisbriand.ca\/wp-content\/uploads\/2024\/01\/1-1-1-500x375.jpg 500w, https:\/\/www.cpgc-boisbriand.ca\/wp-content\/uploads\/2024\/01\/1-1-1-300x225.jpg 300w, https:\/\/www.cpgc-boisbriand.ca\/wp-content\/uploads\/2024\/01\/1-1-1-768x576.jpg 768w, https:\/\/www.cpgc-boisbriand.ca\/wp-content\/uploads\/2024\/01\/1-1-1-16x12.jpg 16w, https:\/\/www.cpgc-boisbriand.ca\/wp-content\/uploads\/2024\/01\/1-1-1-100x75.jpg 100w, https:\/\/www.cpgc-boisbriand.ca\/wp-content\/uploads\/2024\/01\/1-1-1-960x720.jpg 960w, https:\/\/www.cpgc-boisbriand.ca\/wp-content\/uploads\/2024\/01\/1-1-1-480x360.jpg 480w, https:\/\/www.cpgc-boisbriand.ca\/wp-content\/uploads\/2024\/01\/1-1-1.jpg 1500w\" sizes=\"(max-width:767px) 480px, (max-width:1200px) 100vw, 1200px\" \/>\t\t\t\t\t\t\t\t\t\t\t\t\t<\/div>\n\t\t\t\t<\/div>\n\t\t\t\t<\/div>\n\t\t\t\t\t<\/div>\n\t\t\t\t<\/div>\n\t\t\t\t<section class=\"elementor-section elementor-top-section elementor-element elementor-element-121efec elementor-section-boxed elementor-section-height-default elementor-section-height-default elementor-invisible\" data-id=\"121efec\" data-element_type=\"section\" data-settings=\"{&quot;animation&quot;:&quot;fadeInDown&quot;}\">\n\t\t\t\t\t\t<div class=\"elementor-container elementor-column-gap-wider\">\n\t\t\t\t\t<div class=\"elementor-column elementor-col-100 elementor-top-column elementor-element elementor-element-af97b1c\" data-id=\"af97b1c\" data-element_type=\"column\">\n\t\t\t<div class=\"elementor-widget-wrap elementor-element-populated\">\n\t\t\t\t\t\t<div class=\"elementor-element elementor-element-fe61cc0 elementor-align-center elementor-invisible elementor-widget elementor-widget-button\" data-id=\"fe61cc0\" data-element_type=\"widget\" data-settings=\"{&quot;_animation&quot;:&quot;fadeInLeft&quot;}\" data-widget_type=\"button.default\">\n\t\t\t\t<div class=\"elementor-widget-container\">\n\t\t\t\t\t<div class=\"elementor-button-wrapper\">\n\t\t\t<a class=\"elementor-button elementor-button-link elementor-size-sm\" href=\"https:\/\/www.cpgc-boisbriand.ca\/en\/contact\/\">\n\t\t\t\t\t\t<span class=\"elementor-button-content-wrapper\">\n\t\t\t\t\t\t\t\t\t<span class=\"elementor-button-text\">CONTACT US NOW<\/span>\n\t\t\t\t\t<\/span>\n\t\t\t\t\t<\/a>\n\t\t<\/div>\n\t\t\t\t<\/div>\n\t\t\t\t<\/div>\n\t\t\t\t\t<\/div>\n\t\t<\/div>\n\t\t\t\t\t<\/div>\n\t\t<\/section>\n\t\t\t\t<section class=\"elementor-section elementor-top-section elementor-element elementor-element-4fa12db elementor-section-stretched elementor-section-full_width elementor-section-height-default elementor-section-height-default elementor-invisible\" data-id=\"4fa12db\" data-element_type=\"section\" data-settings=\"{&quot;stretch_section&quot;:&quot;section-stretched&quot;,&quot;background_background&quot;:&quot;classic&quot;,&quot;animation&quot;:&quot;fadeInUp&quot;}\">\n\t\t\t\t\t\t<div class=\"elementor-container elementor-column-gap-no\">\n\t\t\t\t\t<div class=\"elementor-column elementor-col-100 elementor-top-column elementor-element elementor-element-d32c045\" data-id=\"d32c045\" data-element_type=\"column\">\n\t\t\t<div class=\"elementor-widget-wrap elementor-element-populated\">\n\t\t\t\t\t\t<div class=\"elementor-element elementor-element-6c4e4ae elementor-invisible elementor-widget elementor-widget-image\" data-id=\"6c4e4ae\" data-element_type=\"widget\" data-settings=\"{&quot;_animation&quot;:&quot;fadeInLeft&quot;}\" data-widget_type=\"image.default\">\n\t\t\t\t<div class=\"elementor-widget-container\">\n\t\t\t\t\t\t\t\t\t\t\t\t\t<img loading=\"lazy\" decoding=\"async\" width=\"1500\" height=\"1125\" src=\"https:\/\/www.cpgc-boisbriand.ca\/wp-content\/uploads\/2024\/01\/1-2-1.jpg\" class=\"attachment-full size-full wp-image-1093\" alt=\"\" srcset=\"https:\/\/www.cpgc-boisbriand.ca\/wp-content\/uploads\/2024\/01\/1-2-1.jpg 1500w, https:\/\/www.cpgc-boisbriand.ca\/wp-content\/uploads\/2024\/01\/1-2-1-500x375.jpg 500w, https:\/\/www.cpgc-boisbriand.ca\/wp-content\/uploads\/2024\/01\/1-2-1-1200x900.jpg 1200w, https:\/\/www.cpgc-boisbriand.ca\/wp-content\/uploads\/2024\/01\/1-2-1-300x225.jpg 300w, https:\/\/www.cpgc-boisbriand.ca\/wp-content\/uploads\/2024\/01\/1-2-1-768x576.jpg 768w, https:\/\/www.cpgc-boisbriand.ca\/wp-content\/uploads\/2024\/01\/1-2-1-16x12.jpg 16w, https:\/\/www.cpgc-boisbriand.ca\/wp-content\/uploads\/2024\/01\/1-2-1-100x75.jpg 100w, https:\/\/www.cpgc-boisbriand.ca\/wp-content\/uploads\/2024\/01\/1-2-1-960x720.jpg 960w, https:\/\/www.cpgc-boisbriand.ca\/wp-content\/uploads\/2024\/01\/1-2-1-480x360.jpg 480w\" sizes=\"(max-width:767px) 480px, (max-width:1500px) 100vw, 1500px\" \/>\t\t\t\t\t\t\t\t\t\t\t\t\t<\/div>\n\t\t\t\t<\/div>\n\t\t\t\t\t<\/div>\n\t\t<\/div>\n\t\t\t\t\t<\/div>\n\t\t<\/section>\n\t\t\t\t<\/div>","protected":false},"excerpt":{"rendered":"<p>Bienvenue au Centre Professionnel de la Grande C\u00f4te de Boisbriand Centre professionnel bien \u00e9tablit dans la r\u00e9gion des basses Laurentides. Nous avons principalement des professionnels qui<span class=\"excerpt-hellip\"> [\u2026]<\/span><\/p>","protected":false},"author":1,"featured_media":0,"parent":0,"menu_order":0,"comment_status":"open","ping_status":"closed","template":"","meta":{"footnotes":""},"class_list":["post-82","page","type-page","status-publish","hentry"],"_links":{"self":[{"href":"https:\/\/www.cpgc-boisbriand.ca\/en\/wp-json\/wp\/v2\/pages\/82","targetHints":{"allow":["GET"]}}],"collection":[{"href":"https:\/\/www.cpgc-boisbriand.ca\/en\/wp-json\/wp\/v2\/pages"}],"about":[{"href":"https:\/\/www.cpgc-boisbriand.ca\/en\/wp-json\/wp\/v2\/types\/page"}],"author":[{"embeddable":true,"href":"https:\/\/www.cpgc-boisbriand.ca\/en\/wp-json\/wp\/v2\/users\/1"}],"replies":[{"embeddable":true,"href":"https:\/\/www.cpgc-boisbriand.ca\/en\/wp-json\/wp\/v2\/comments?post=82"}],"version-history":[{"count":202,"href":"https:\/\/www.cpgc-boisbriand.ca\/en\/wp-json\/wp\/v2\/pages\/82\/revisions"}],"predecessor-version":[{"id":1244,"href":"https:\/\/www.cpgc-boisbriand.ca\/en\/wp-json\/wp\/v2\/pages\/82\/revisions\/1244"}],"wp:attachment":[{"href":"https:\/\/www.cpgc-boisbriand.ca\/en\/wp-json\/wp\/v2\/media?parent=82"}],"curies":[{"name":"wp","href":"https:\/\/api.w.org\/{rel}","templated":true}]}}